{"id":250,"date":"2015-08-10T12:55:04","date_gmt":"2015-08-10T12:55:04","guid":{"rendered":"http:\/\/pousodosviajantes.com.br\/Portal\/?page_id=250"},"modified":"2023-10-13T18:05:02","modified_gmt":"2023-10-13T18:05:02","slug":"download","status":"publish","type":"page","link":"https:\/\/pousodosviajantes.com.br\/Portal\/index.php\/download\/","title":{"rendered":"Download Logotipo"},"content":{"rendered":"<p><strong>Fa\u00e7a o download do Logotipo do Grupo Gleiser Boroni &#8211; Rede Pouso dos Viajantes<\/strong><\/p>\n<div class='w3eden'><!-- WPDM Link Template: Default Template -->\n\n\n<div class=\"link-template-default card mb-2\">\n    <div class=\"card-body\">\n        <div class=\"media stack-xs\">\n            <div class=\"media-body\">\n                <div class=\"media\">\n                    <div class=\"mr-3 img-48\"><img class=\"wpdm_icon\" alt=\"Icon\" src=\"https:\/\/pousodosviajantes.com.br\/Portal\/wp-content\/plugins\/download-manager\/assets\/file-type-icons\/cdr.svg\" onError='this.src=\"https:\/\/pousodosviajantes.com.br\/Portal\/wp-content\/plugins\/download-manager\/assets\/file-type-icons\/unknown.svg\";' \/><\/div>\n                    <div class=\"media-body\">\n                        <h3 class=\"package-title\"><a href='https:\/\/pousodosviajantes.com.br\/Portal\/index.php\/download\/logotipo-em-corel-vetor\/'>Logotipo em Corel - (Vetor)<\/a><\/h3>\n                        <div class=\"text-muted text-small\"><i class=\"fas fa-copy\"><\/i> 1 file(s) <i class=\"fas fa-hdd ml-3\"><\/i> 0.00 KB<\/div>\n                    <\/div>\n                <\/div>\n            <\/div>\n            <div class=\"ml-3 wpdmdl-btn\">\n                <a class='wpdm-download-link download-on-click btn btn-primary ' rel='nofollow' href='#' data-downloadurl=\"https:\/\/pousodosviajantes.com.br\/Portal\/index.php\/download\/logotipo-em-corel-vetor\/?wpdmdl=477&refresh=69ef764e2a8281777301070\">Download<\/a>\n            <\/div>\n        <\/div>\n    <\/div>\n<\/div>\n\n\n<\/div>\n<div class='w3eden'><!-- WPDM Link Template: Default Template -->\n\n\n<div class=\"link-template-default card mb-2\">\n    <div class=\"card-body\">\n        <div class=\"media stack-xs\">\n            <div class=\"media-body\">\n                <div class=\"media\">\n                    <div class=\"mr-3 img-48\"><img class=\"wpdm_icon\" alt=\"Icon\" src=\"https:\/\/pousodosviajantes.com.br\/Portal\/wp-content\/plugins\/download-manager\/assets\/file-type-icons\/jpg.svg\" onError='this.src=\"https:\/\/pousodosviajantes.com.br\/Portal\/wp-content\/plugins\/download-manager\/assets\/file-type-icons\/unknown.svg\";' \/><\/div>\n                    <div class=\"media-body\">\n                        <h3 class=\"package-title\"><a href='https:\/\/pousodosviajantes.com.br\/Portal\/index.php\/download\/logotipo-em-jpeg-com-fundo-branco\/'>Logotipo em JPEG - (Com Fundo Branco)<\/a><\/h3>\n                        <div class=\"text-muted text-small\"><i class=\"fas fa-copy\"><\/i> 1 file(s) <i class=\"fas fa-hdd ml-3\"><\/i> 0.00 KB<\/div>\n                    <\/div>\n                <\/div>\n            <\/div>\n            <div class=\"ml-3 wpdmdl-btn\">\n                <a class='wpdm-download-link download-on-click btn btn-primary ' rel='nofollow' href='#' data-downloadurl=\"https:\/\/pousodosviajantes.com.br\/Portal\/index.php\/download\/logotipo-em-jpeg-com-fundo-branco\/?wpdmdl=480&refresh=69ef764e2ebf81777301070\">Download<\/a>\n            <\/div>\n        <\/div>\n    <\/div>\n<\/div>\n\n\n<\/div>\n<div class='w3eden'><!-- WPDM Link Template: Default Template -->\n\n\n<div class=\"link-template-default card mb-2\">\n    <div class=\"card-body\">\n        <div class=\"media stack-xs\">\n            <div class=\"media-body\">\n                <div class=\"media\">\n                    <div class=\"mr-3 img-48\"><img class=\"wpdm_icon\" alt=\"Icon\" src=\"https:\/\/pousodosviajantes.com.br\/Portal\/wp-content\/plugins\/download-manager\/assets\/file-type-icons\/png.svg\" onError='this.src=\"https:\/\/pousodosviajantes.com.br\/Portal\/wp-content\/plugins\/download-manager\/assets\/file-type-icons\/unknown.svg\";' \/><\/div>\n                    <div class=\"media-body\">\n                        <h3 class=\"package-title\"><a href='https:\/\/pousodosviajantes.com.br\/Portal\/index.php\/download\/logotipo-em-png-sem-fundo\/'>Logotipo em PNG (Sem Fundo)<\/a><\/h3>\n                        <div class=\"text-muted text-small\"><i class=\"fas fa-copy\"><\/i> 1 file(s) <i class=\"fas fa-hdd ml-3\"><\/i> 0.00 KB<\/div>\n                    <\/div>\n                <\/div>\n            <\/div>\n            <div class=\"ml-3 wpdmdl-btn\">\n                <a class='wpdm-download-link download-on-click btn btn-primary ' rel='nofollow' href='#' data-downloadurl=\"https:\/\/pousodosviajantes.com.br\/Portal\/index.php\/download\/logotipo-em-png-sem-fundo\/?wpdmdl=484&refresh=69ef764e313971777301070\">Download<\/a>\n            <\/div>\n        <\/div>\n    <\/div>\n<\/div>\n\n\n<\/div>\n<div class='w3eden'><!-- WPDM Link Template: Default Template -->\n\n\n<div class=\"link-template-default card mb-2\">\n    <div class=\"card-body\">\n        <div class=\"media stack-xs\">\n            <div class=\"media-body\">\n                <div class=\"media\">\n                    <div class=\"mr-3 img-48\"><img class=\"wpdm_icon\" alt=\"Icon\" src=\"https:\/\/pousodosviajantes.com.br\/Portal\/wp-content\/plugins\/download-manager\/assets\/file-type-icons\/cdr.svg\" onError='this.src=\"https:\/\/pousodosviajantes.com.br\/Portal\/wp-content\/plugins\/download-manager\/assets\/file-type-icons\/unknown.svg\";' \/><\/div>\n                    <div class=\"media-body\">\n                        <h3 class=\"package-title\"><a href='https:\/\/pousodosviajantes.com.br\/Portal\/index.php\/download\/mascote-em-corel-vetor\/'>Mascote em Corel - (Vetor)<\/a><\/h3>\n                        <div class=\"text-muted text-small\"><i class=\"fas fa-copy\"><\/i> 1 file(s) <i class=\"fas fa-hdd ml-3\"><\/i> 0.00 KB<\/div>\n                    <\/div>\n                <\/div>\n            <\/div>\n            <div class=\"ml-3 wpdmdl-btn\">\n                <a class='wpdm-download-link download-on-click btn btn-primary ' rel='nofollow' href='#' data-downloadurl=\"https:\/\/pousodosviajantes.com.br\/Portal\/index.php\/download\/mascote-em-corel-vetor\/?wpdmdl=485&refresh=69ef764e338691777301070\">Download<\/a>\n            <\/div>\n        <\/div>\n    <\/div>\n<\/div>\n\n\n<\/div>\n<div class='w3eden'><!-- WPDM Link Template: Default Template -->\n\n\n<div class=\"link-template-default card mb-2\">\n    <div class=\"card-body\">\n        <div class=\"media stack-xs\">\n            <div class=\"media-body\">\n                <div class=\"media\">\n                    <div class=\"mr-3 img-48\"><img class=\"wpdm_icon\" alt=\"Icon\" src=\"https:\/\/pousodosviajantes.com.br\/Portal\/wp-content\/plugins\/download-manager\/assets\/file-type-icons\/jpg.svg\" onError='this.src=\"https:\/\/pousodosviajantes.com.br\/Portal\/wp-content\/plugins\/download-manager\/assets\/file-type-icons\/unknown.svg\";' \/><\/div>\n                    <div class=\"media-body\">\n                        <h3 class=\"package-title\"><a href='https:\/\/pousodosviajantes.com.br\/Portal\/index.php\/download\/mascote-em-jpeg-com-fundo-branco\/'>Mascote em JPEG- (Com Fundo Branco)<\/a><\/h3>\n                        <div class=\"text-muted text-small\"><i class=\"fas fa-copy\"><\/i> 1 file(s) <i class=\"fas fa-hdd ml-3\"><\/i> 0.00 KB<\/div>\n                    <\/div>\n                <\/div>\n            <\/div>\n            <div class=\"ml-3 wpdmdl-btn\">\n                <a class='wpdm-download-link download-on-click btn btn-primary ' rel='nofollow' href='#' data-downloadurl=\"https:\/\/pousodosviajantes.com.br\/Portal\/index.php\/download\/mascote-em-jpeg-com-fundo-branco\/?wpdmdl=486&refresh=69ef764e3630d1777301070\">Download<\/a>\n            <\/div>\n        <\/div>\n    <\/div>\n<\/div>\n\n\n<\/div>\n<div class='w3eden'><!-- WPDM Link Template: Default Template -->\n\n\n<div class=\"link-template-default card mb-2\">\n    <div class=\"card-body\">\n        <div class=\"media stack-xs\">\n            <div class=\"media-body\">\n                <div class=\"media\">\n                    <div class=\"mr-3 img-48\"><img class=\"wpdm_icon\" alt=\"Icon\" src=\"https:\/\/pousodosviajantes.com.br\/Portal\/wp-content\/plugins\/download-manager\/assets\/file-type-icons\/png.svg\" onError='this.src=\"https:\/\/pousodosviajantes.com.br\/Portal\/wp-content\/plugins\/download-manager\/assets\/file-type-icons\/unknown.svg\";' \/><\/div>\n                    <div class=\"media-body\">\n                        <h3 class=\"package-title\"><a href='https:\/\/pousodosviajantes.com.br\/Portal\/index.php\/download\/mascote-em-png-sem-fundo\/'>Mascote em PNG - (Sem Fundo)<\/a><\/h3>\n                        <div class=\"text-muted text-small\"><i class=\"fas fa-copy\"><\/i> 1 file(s) <i class=\"fas fa-hdd ml-3\"><\/i> 0.00 KB<\/div>\n                    <\/div>\n                <\/div>\n            <\/div>\n            <div class=\"ml-3 wpdmdl-btn\">\n                <a class='wpdm-download-link download-on-click btn btn-primary ' rel='nofollow' href='#' data-downloadurl=\"https:\/\/pousodosviajantes.com.br\/Portal\/index.php\/download\/mascote-em-png-sem-fundo\/?wpdmdl=487&refresh=69ef764e3999d1777301070\">Download<\/a>\n            <\/div>\n        <\/div>\n    <\/div>\n<\/div>\n\n\n<\/div>\n<div class='w3eden'><!-- WPDM Link Template: Default Template -->\n\n\n<div class=\"link-template-default card mb-2\">\n    <div class=\"card-body\">\n        <div class=\"media stack-xs\">\n            <div class=\"media-body\">\n                <div class=\"media\">\n                    <div class=\"mr-3 img-48\"><img class=\"wpdm_icon\" alt=\"Icon\" src=\"https:\/\/pousodosviajantes.com.br\/Portal\/wp-content\/plugins\/download-manager\/assets\/file-type-icons\/.svg\" onError='this.src=\"https:\/\/pousodosviajantes.com.br\/Portal\/wp-content\/plugins\/download-manager\/assets\/file-type-icons\/unknown.svg\";' \/><\/div>\n                    <div class=\"media-body\">\n                        <h3 class=\"package-title\"><a href='https:\/\/pousodosviajantes.com.br\/Portal\/index.php\/download\/logotipo-e-mascote-unificados-em-corel-vetor\/'>LOGOTIPO E MASCOTE UNIFICADOS EM COREL - ( VETOR )<\/a><\/h3>\n                        <div class=\"text-muted text-small\"><i class=\"fas fa-copy\"><\/i> 1 file(s) <i class=\"fas fa-hdd ml-3\"><\/i> 4.00 KB<\/div>\n                    <\/div>\n                <\/div>\n            <\/div>\n            <div class=\"ml-3 wpdmdl-btn\">\n                <a class='wpdm-download-link download-on-click btn btn-primary ' rel='nofollow' href='#' data-downloadurl=\"https:\/\/pousodosviajantes.com.br\/Portal\/index.php\/download\/logotipo-e-mascote-unificados-em-corel-vetor\/?wpdmdl=494&refresh=69ef764e3cb331777301070\">Download<\/a>\n            <\/div>\n        <\/div>\n    <\/div>\n<\/div>\n\n\n<\/div>\n<div class='w3eden'><!-- WPDM Link Template: Default Template -->\n\n\n<div class=\"link-template-default card mb-2\">\n    <div class=\"card-body\">\n        <div class=\"media stack-xs\">\n            <div class=\"media-body\">\n                <div class=\"media\">\n                    <div class=\"mr-3 img-48\"><img class=\"wpdm_icon\" alt=\"Icon\" src=\"https:\/\/pousodosviajantes.com.br\/Portal\/wp-content\/plugins\/download-manager\/assets\/file-type-icons\/png.svg\" onError='this.src=\"https:\/\/pousodosviajantes.com.br\/Portal\/wp-content\/plugins\/download-manager\/assets\/file-type-icons\/unknown.svg\";' \/><\/div>\n                    <div class=\"media-body\">\n                        <h3 class=\"package-title\"><a href='https:\/\/pousodosviajantes.com.br\/Portal\/index.php\/download\/logotipo-e-mascote-unificados-em-png-sem-fundo\/'>LOGOTIPO E MASCOTE UNIFICADOS EM PNG - ( SEM FUNDO )<\/a><\/h3>\n                        <div class=\"text-muted text-small\"><i class=\"fas fa-copy\"><\/i> 1 file(s) <i class=\"fas fa-hdd ml-3\"><\/i> 497.82 KB<\/div>\n                    <\/div>\n                <\/div>\n            <\/div>\n            <div class=\"ml-3 wpdmdl-btn\">\n                <a class='wpdm-download-link download-on-click btn btn-primary ' rel='nofollow' href='#' data-downloadurl=\"https:\/\/pousodosviajantes.com.br\/Portal\/index.php\/download\/logotipo-e-mascote-unificados-em-png-sem-fundo\/?wpdmdl=496&refresh=69ef764e3f7f91777301070\">Download<\/a>\n            <\/div>\n        <\/div>\n    <\/div>\n<\/div>\n\n\n<\/div>\n<div class='w3eden'><!-- WPDM Link Template: Default Template -->\n\n\n<div class=\"link-template-default card mb-2\">\n    <div class=\"card-body\">\n        <div class=\"media stack-xs\">\n            <div class=\"media-body\">\n                <div class=\"media\">\n                    <div class=\"mr-3 img-48\"><img class=\"wpdm_icon\" alt=\"Icon\" src=\"https:\/\/pousodosviajantes.com.br\/Portal\/wp-content\/plugins\/download-manager\/assets\/file-type-icons\/jpg.svg\" onError='this.src=\"https:\/\/pousodosviajantes.com.br\/Portal\/wp-content\/plugins\/download-manager\/assets\/file-type-icons\/unknown.svg\";' \/><\/div>\n                    <div class=\"media-body\">\n                        <h3 class=\"package-title\"><a href='https:\/\/pousodosviajantes.com.br\/Portal\/index.php\/download\/logotipo-e-mascote-unificados-em-jpeg-com-fundo-branco\/'>LOGOTIPO E MASCOTE UNIFICADOS EM JPEG - ( COM FUNDO BRANCO )<\/a><\/h3>\n                        <div class=\"text-muted text-small\"><i class=\"fas fa-copy\"><\/i> 1 file(s) <i class=\"fas fa-hdd ml-3\"><\/i> 1.57 MB<\/div>\n                    <\/div>\n                <\/div>\n            <\/div>\n            <div class=\"ml-3 wpdmdl-btn\">\n                <a class='wpdm-download-link download-on-click btn btn-primary ' rel='nofollow' href='#' data-downloadurl=\"https:\/\/pousodosviajantes.com.br\/Portal\/index.php\/download\/logotipo-e-mascote-unificados-em-jpeg-com-fundo-branco\/?wpdmdl=498&refresh=69ef764e423061777301070\">Download<\/a>\n            <\/div>\n        <\/div>\n    <\/div>\n<\/div>\n\n\n<\/div>\n<div class='w3eden'><!-- WPDM Link Template: Default Template -->\n\n\n<div class=\"link-template-default card mb-2\">\n    <div class=\"card-body\">\n        <div class=\"media stack-xs\">\n            <div class=\"media-body\">\n                <div class=\"media\">\n                    <div class=\"mr-3 img-48\"><img class=\"wpdm_icon\" alt=\"Icon\" src=\"https:\/\/pousodosviajantes.com.br\/Portal\/wp-content\/plugins\/download-manager\/assets\/file-type-icons\/pdf.svg\" onError='this.src=\"https:\/\/pousodosviajantes.com.br\/Portal\/wp-content\/plugins\/download-manager\/assets\/file-type-icons\/unknown.svg\";' \/><\/div>\n                    <div class=\"media-body\">\n                        <h3 class=\"package-title\"><a href='https:\/\/pousodosviajantes.com.br\/Portal\/index.php\/download\/logotipo-e-mascote-unificados-em-pdf-para-importacao-para-programas-de-edicao\/'>LOGOTIPO E MASCOTE UNIFICADOS EM PDF - ( PARA IMPORTA\u00c7\u00c3O PARA PROGRAMAS DE EDI\u00c7\u00c3O )<\/a><\/h3>\n                        <div class=\"text-muted text-small\"><i class=\"fas fa-copy\"><\/i> 1 file(s) <i class=\"fas fa-hdd ml-3\"><\/i> 471.31 KB<\/div>\n                    <\/div>\n                <\/div>\n            <\/div>\n            <div class=\"ml-3 wpdmdl-btn\">\n                <a class='wpdm-download-link download-on-click btn btn-primary ' rel='nofollow' href='#' data-downloadurl=\"https:\/\/pousodosviajantes.com.br\/Portal\/index.php\/download\/logotipo-e-mascote-unificados-em-pdf-para-importacao-para-programas-de-edicao\/?wpdmdl=500&refresh=69ef764e44a3f1777301070\">Download<\/a>\n            <\/div>\n        <\/div>\n    <\/div>\n<\/div>\n\n\n<\/div>\n","protected":false},"excerpt":{"rendered":"<p>Fa\u00e7a o download do Logotipo do Grupo Gleiser Boroni &#8211; Rede Pouso dos Viajantes<\/p>\n","protected":false},"author":1,"featured_media":0,"parent":0,"menu_order":6,"comment_status":"open","ping_status":"closed","template":"templates\/template-full-notitle.php","meta":{"ngg_post_thumbnail":0,"_links_to":"","_links_to_target":""},"_links":{"self":[{"href":"https:\/\/pousodosviajantes.com.br\/Portal\/index.php\/wp-json\/wp\/v2\/pages\/250"}],"collection":[{"href":"https:\/\/pousodosviajantes.com.br\/Portal\/index.php\/wp-json\/wp\/v2\/pages"}],"about":[{"href":"https:\/\/pousodosviajantes.com.br\/Portal\/index.php\/wp-json\/wp\/v2\/types\/page"}],"author":[{"embeddable":true,"href":"https:\/\/pousodosviajantes.com.br\/Portal\/index.php\/wp-json\/wp\/v2\/users\/1"}],"replies":[{"embeddable":true,"href":"https:\/\/pousodosviajantes.com.br\/Portal\/index.php\/wp-json\/wp\/v2\/comments?post=250"}],"version-history":[{"count":15,"href":"https:\/\/pousodosviajantes.com.br\/Portal\/index.php\/wp-json\/wp\/v2\/pages\/250\/revisions"}],"predecessor-version":[{"id":501,"href":"https:\/\/pousodosviajantes.com.br\/Portal\/index.php\/wp-json\/wp\/v2\/pages\/250\/revisions\/501"}],"wp:attachment":[{"href":"https:\/\/pousodosviajantes.com.br\/Portal\/index.php\/wp-json\/wp\/v2\/media?parent=250"}],"curies":[{"name":"wp","href":"https:\/\/api.w.org\/{rel}","templated":true}]}}