{"id":145,"date":"2015-07-09T15:07:14","date_gmt":"2015-07-09T15:07:14","guid":{"rendered":"http:\/\/pousodosviajantes.com.br\/Portal\/?page_id=145"},"modified":"2019-06-07T14:52:49","modified_gmt":"2019-06-07T14:52:49","slug":"buteko-dos-viajantes","status":"publish","type":"page","link":"https:\/\/pousodosviajantes.com.br\/Portal\/index.php\/a-rede-pouso-dos-viajantes\/buteko-dos-viajantes\/","title":{"rendered":"BUTEKO DOS VIAJANTES"},"content":{"rendered":"<div id=\"pl-145\"  class=\"panel-layout\" ><div id=\"pg-145-0\"  class=\"panel-grid panel-no-style\" ><div id=\"pgc-145-0-0\"  class=\"panel-grid-cell\" ><div id=\"panel-145-0-0-0\" class=\"so-panel widget widget_sow-image panel-first-child panel-last-child\" data-index=\"0\" ><div\n\t\t\t\n\t\t\tclass=\"so-widget-sow-image so-widget-sow-image-default-8b5b6f678277-145\"\n\t\t\t\n\t\t>\n<div class=\"sow-image-container\">\n\t\t<img \n\tsrc=\"https:\/\/pousodosviajantes.com.br\/Portal\/wp-content\/uploads\/2015\/07\/GB-BUTEKO.jpg\" width=\"430\" height=\"562\" srcset=\"https:\/\/pousodosviajantes.com.br\/Portal\/wp-content\/uploads\/2015\/07\/GB-BUTEKO.jpg 430w, https:\/\/pousodosviajantes.com.br\/Portal\/wp-content\/uploads\/2015\/07\/GB-BUTEKO-230x300.jpg 230w\" sizes=\"(max-width: 430px) 100vw, 430px\" alt=\"\" loading=\"lazy\" \t\tclass=\"so-widget-image\"\/>\n\t<\/div>\n\n<\/div><\/div><\/div><div id=\"pgc-145-0-1\"  class=\"panel-grid-cell\" ><div id=\"panel-145-0-1-0\" class=\"so-panel widget panel-first-child panel-last-child\" data-index=\"1\" ><\/div><\/div><\/div><div id=\"pg-145-1\"  class=\"panel-grid panel-no-style\" ><div id=\"pgc-145-1-0\"  class=\"panel-grid-cell\" ><div id=\"panel-145-1-0-0\" class=\"so-panel widget widget_circleicon-widget panel-first-child panel-last-child\" data-index=\"2\" >\t\t<div class=\"circle-icon-box circle-icon-position-left circle-icon-hide-box circle-icon-size-small \">\n\t\t\t\t\t\t\t<div class=\"circle-icon-wrapper\">\n\t\t\t\t\t\t\t\t\t\t<div class=\"circle-icon\" >\n\t\t\t\t\t\t\t\t\t\t\t\t\t<div class=\"fa fa-map-marker\" ><\/div>\n\t\t\t\t\t\t\t\t\t\t\t<\/div> \n\t\t\t\t\t\t\t\t\t<\/div>\n\t\t\t\n\t\t\t\t\t\t\t\t\t\n\t\t\t\t\t\t\t<p class=\"text\" >Rua Diamante, 20 - Jardim Itacolomi - <br \/>Ouro Preto - MG - Cep: 35.400-000 - Localiza\u00e7\u00e3o - Pr\u00f3ximo \u00e0 Cooperouro, Rodovia que liga Ouro Preto a Mariana.<\/p>\n\t\t\t\t\t\t\t\t<\/div>\n\t\t<\/div><\/div><div id=\"pgc-145-1-1\"  class=\"panel-grid-cell\" ><div id=\"panel-145-1-1-0\" class=\"so-panel widget widget_circleicon-widget panel-first-child panel-last-child\" data-index=\"3\" >\t\t<div class=\"circle-icon-box circle-icon-position-left circle-icon-hide-box circle-icon-size-small \">\n\t\t\t\t\t\t\t<div class=\"circle-icon-wrapper\">\n\t\t\t\t\t\t\t\t\t\t<div class=\"circle-icon\" >\n\t\t\t\t\t\t\t\t\t\t\t\t\t<div class=\"fa fa-phone-square\" ><\/div>\n\t\t\t\t\t\t\t\t\t\t\t<\/div> \n\t\t\t\t\t\t\t\t\t<\/div>\n\t\t\t\n\t\t\t\t\t\t\t\t\t\t<h4 >\n\t\t\t\t\t(31) 9. 9961-1240\t\t\t\t<\/h4>\n\t\t\t\t\t\t\n\t\t\t\t\t\t\t\t<\/div>\n\t\t<\/div><\/div><div id=\"pgc-145-1-2\"  class=\"panel-grid-cell\" ><div id=\"panel-145-1-2-0\" class=\"so-panel widget widget_text panel-first-child panel-last-child\" data-index=\"4\" >\t\t\t<div class=\"textwidget\"><iframe src=\"https:\/\/www.google.com\/maps\/embed?pb=!1m14!1m12!1m3!1d3742.16495833229!2d-43.47274689999999!3d-20.2934381!2m3!1f0!2f0!3f0!3m2!1i1024!2i768!4f13.1!5e0!3m2!1spt-BR!2sbr!4v1439424087657\" frameborder=\"0\" style=\"border:0\" allowfullscreen><\/iframe><\/div>\n\t\t<\/div><\/div><\/div><\/div>","protected":false},"excerpt":{"rendered":"<p>Rua Diamante, 20 &#8211; Jardim Itacolomi &#8211; Ouro Preto &#8211; MG &#8211; Cep: 35.400-000 &#8211; Localiza\u00e7\u00e3o &#8211; Pr\u00f3ximo \u00e0 Cooperouro, Rodovia que liga Ouro Preto a Mariana. (31) 9. 9961-1240<\/p>\n","protected":false},"author":1,"featured_media":0,"parent":2,"menu_order":4,"comment_status":"open","ping_status":"open","template":"templates\/template-full-notitle.php","meta":{"ngg_post_thumbnail":0,"_links_to":"","_links_to_target":""},"_links":{"self":[{"href":"https:\/\/pousodosviajantes.com.br\/Portal\/index.php\/wp-json\/wp\/v2\/pages\/145"}],"collection":[{"href":"https:\/\/pousodosviajantes.com.br\/Portal\/index.php\/wp-json\/wp\/v2\/pages"}],"about":[{"href":"https:\/\/pousodosviajantes.com.br\/Portal\/index.php\/wp-json\/wp\/v2\/types\/page"}],"author":[{"embeddable":true,"href":"https:\/\/pousodosviajantes.com.br\/Portal\/index.php\/wp-json\/wp\/v2\/users\/1"}],"replies":[{"embeddable":true,"href":"https:\/\/pousodosviajantes.com.br\/Portal\/index.php\/wp-json\/wp\/v2\/comments?post=145"}],"version-history":[{"count":4,"href":"https:\/\/pousodosviajantes.com.br\/Portal\/index.php\/wp-json\/wp\/v2\/pages\/145\/revisions"}],"predecessor-version":[{"id":192,"href":"https:\/\/pousodosviajantes.com.br\/Portal\/index.php\/wp-json\/wp\/v2\/pages\/145\/revisions\/192"}],"up":[{"embeddable":true,"href":"https:\/\/pousodosviajantes.com.br\/Portal\/index.php\/wp-json\/wp\/v2\/pages\/2"}],"wp:attachment":[{"href":"https:\/\/pousodosviajantes.com.br\/Portal\/index.php\/wp-json\/wp\/v2\/media?parent=145"}],"curies":[{"name":"wp","href":"https:\/\/api.w.org\/{rel}","templated":true}]}}